{"id":586,"date":"2021-01-14T13:56:25","date_gmt":"2021-01-14T12:56:25","guid":{"rendered":"http:\/\/kf.kolping-burgkirchen.de\/?page_id=586"},"modified":"2021-01-14T14:08:39","modified_gmt":"2021-01-14T13:08:39","slug":"steckbrief-der-kolpingsfamilie-burgkirchen","status":"publish","type":"page","link":"http:\/\/kf.kolping-burgkirchen.de\/?page_id=586","title":{"rendered":"\u201eSteckbrief\u201c der Kolpingsfamilie Burgkirchen"},"content":{"rendered":"\n<p class=\"s3\">Wir, die&nbsp;Kolpingsfamilie&nbsp;Burgkirchen\/Alz&nbsp;&nbsp;sind eine von 26&nbsp;Kolpingsfamilien&nbsp;in der Di\u00f6zese Passau&nbsp;in Bayern. Unsere&nbsp;Kolpingsfamilie&nbsp;besteht seit dem Jahr 1958 &nbsp;und hat derzeit 194 Mitglieder.<\/p>\n\n\n\n<p class=\"s3\">Wir sind Teil des&nbsp;Kolpingwerks&nbsp;Deutschland. Dies&nbsp;ist ein Sozialverband mit bundesweit 225.000 Mitgliedern in 2.350&nbsp;Kolpingsfamilien, davon etwa&nbsp;40.000 Kinder, Jugendliche und junge Erwachsene im Bereich der Kolpingjugend.&nbsp;<\/p>\n\n\n\n<p class=\"s3\">Das Kolpingwerk Deutschland wiederum geh\u00f6rt zum Internationalen Kolpingwerk mit circa 400.000 Mitgliedern in 60 L\u00e4ndern.<\/p>\n\n\n\n<p class=\"s3\">Im Sinne Adolph Kolpings will der Verband Bewusstsein f\u00fcr verantwortliches Leben und solidarisches Handeln f\u00f6rdern. Dabei versteht sich das Kolpingwerk als Weg-, Glaubens-,&nbsp;Bildungs- und Aktionsgemeinschaft.&nbsp;<\/p>\n\n\n\n<p class=\"s3\">Wir wollen vor allem&nbsp;Familien und die Gemeinschaft Alt und Jung st\u00e4rken, immer verbunden mit unserer christlichen Lebenseinstellung mit Adolph Kolping als Vorbild.<\/p>\n\n\n\n<p class=\"s5\">Wir pflegen unsere Gemeinschaft mit gemeinsamen Spiele- und Gespr\u00e4chs- und Vortragsabenden, machen Ausfl\u00fcge und helfen in unserer Pfarrgemeinde aktiv mit.<\/p>\n\n\n\n<p class=\"s5\">Mit Aktionen wie z.B. &nbsp;Altkleidersammlung, B\u00fccherflohmarkt und&nbsp;Solidarit\u00e4tsessen erwirtschaften wir Einnahmen, die wir an&nbsp;verschiedene Projekte spenden.<\/p>\n\n\n\n<p class=\"s5\">Dies sind zum Beispiel:<\/p>\n\n\n\n<p class=\"s5\">\u2022 Die Partnerl\u00e4nder der Di\u00f6zese Passau:  Uruguay in S\u00fcdamerika und Malawi in Afrika.<\/p>\n\n\n\n<p class=\"s8\">\u2022 Entwicklungshilfeprojekte des Eine-Welt-Vereins in Burgkirchen\/Alz.<\/p>\n\n\n\n<p class=\"s8\">\u2022 Shetu  (Verein  zur F\u00f6rderung von Bildungs- und Ausbildungsprojekten in Bangladesch).<\/p>\n\n\n\n<p class=\"s9\">Erich Birke<\/p>\n\n\n\n<p class=\"s9\">1.Vorsitzender<\/p>\n","protected":false},"excerpt":{"rendered":"<p>Wir, die&nbsp;Kolpingsfamilie&nbsp;Burgkirchen\/Alz&nbsp;&nbsp;sind eine von 26&nbsp;Kolpingsfamilien&nbsp;in der Di\u00f6zese Passau&nbsp;in Bayern. Unsere&nbsp;Kolpingsfamilie&nbsp;besteht seit dem Jahr 1958 &nbsp;und hat derzeit 194 Mitglieder. Wir sind Teil des&nbsp;Kolpingwerks&nbsp;Deutschland. Dies&nbsp;ist ein Sozialverband mit bundesweit 225.000 Mitgliedern in 2.350&nbsp;Kolpingsfamilien, davon etwa&nbsp;40.000 Kinder, Jugendliche und junge Erwachsene im Bereich der Kolpingjugend.&nbsp; Das Kolpingwerk Deutschland wiederum geh\u00f6rt zum Internationalen Kolpingwerk mit circa 400.000 Mitgliedern in 60 L\u00e4ndern. Im Sinne Adolph Kolpings will der Verband Bewusstsein f\u00fcr verantwortliches Leben und solidarisches Handeln f\u00f6rdern. Dabei versteht sich das Kolpingwerk als Weg-,&#8230;<\/p>\n<p class=\"read-more\"><a class=\"btn btn-default\" href=\"http:\/\/kf.kolping-burgkirchen.de\/?page_id=586\">Weiterlesen<span class=\"screen-reader-text\"> Weiterlesen<\/span><\/a><\/p>\n","protected":false},"author":1,"featured_media":0,"parent":0,"menu_order":0,"comment_status":"closed","ping_status":"closed","template":"","meta":{"footnotes":""},"class_list":["post-586","page","type-page","status-publish","hentry"],"_links":{"self":[{"href":"http:\/\/kf.kolping-burgkirchen.de\/index.php?rest_route=\/wp\/v2\/pages\/586","targetHints":{"allow":["GET"]}}],"collection":[{"href":"http:\/\/kf.kolping-burgkirchen.de\/index.php?rest_route=\/wp\/v2\/pages"}],"about":[{"href":"http:\/\/kf.kolping-burgkirchen.de\/index.php?rest_route=\/wp\/v2\/types\/page"}],"author":[{"embeddable":true,"href":"http:\/\/kf.kolping-burgkirchen.de\/index.php?rest_route=\/wp\/v2\/users\/1"}],"replies":[{"embeddable":true,"href":"http:\/\/kf.kolping-burgkirchen.de\/index.php?rest_route=%2Fwp%2Fv2%2Fcomments&post=586"}],"version-history":[{"count":3,"href":"http:\/\/kf.kolping-burgkirchen.de\/index.php?rest_route=\/wp\/v2\/pages\/586\/revisions"}],"predecessor-version":[{"id":592,"href":"http:\/\/kf.kolping-burgkirchen.de\/index.php?rest_route=\/wp\/v2\/pages\/586\/revisions\/592"}],"wp:attachment":[{"href":"http:\/\/kf.kolping-burgkirchen.de\/index.php?rest_route=%2Fwp%2Fv2%2Fmedia&parent=586"}],"curies":[{"name":"wp","href":"https:\/\/api.w.org\/{rel}","templated":true}]}}