{"id":440,"date":"2019-11-21T18:15:49","date_gmt":"2019-11-21T17:15:49","guid":{"rendered":"http:\/\/kf.kolping-burgkirchen.de\/?page_id=440"},"modified":"2025-04-25T14:28:32","modified_gmt":"2025-04-25T13:28:32","slug":"mitglied-werden","status":"publish","type":"page","link":"http:\/\/kf.kolping-burgkirchen.de\/?page_id=440","title":{"rendered":"Mitglied werden"},"content":{"rendered":"\n<div class=\"wp-block-media-text alignwide has-media-on-the-right is-vertically-aligned-center\" style=\"grid-template-columns:auto 37%\"><div class=\"wp-block-media-text__content\">\n<p>Sie sind verheiratet und haben Kinder und suchen gleichgesinnte? Sie sind Alleinstehend und wollen regelm\u00e4\u00dfigen Kontakt? Sie sind ein Ehepaar und wollen mit anderen Paaren etwas erleben? <\/p>\n\n\n\n<p>Dann sind Sie bei den Kolpingfamilien genau richtig. Der <a aria-label=\" (\u00f6ffnet in neuem Tab)\" href=\"https:\/\/www.kolping-dv-passau.de\/home.html\" target=\"_blank\" rel=\"noreferrer noopener\">Di\u00f6zesanverband Passau<\/a> und die <a aria-label=\" (\u00f6ffnet in neuem Tab)\" href=\"http:\/\/kf.kolping-burgkirchen.de\/?page_id=113\" target=\"_blank\" rel=\"noreferrer noopener\">Kolpingfamilie Burgkirchen <\/a>bieten hierf\u00fcr ein sehr abwechslungsreiches und interessantes Programm an.<br>Laden&nbsp;Sie einfach den passenden <a aria-label=\" (\u00f6ffnet in neuem Tab)\" href=\"https:\/\/www.kolping.de\/mitgliedschaft\/mitgliedschaft-kolpingsfamilie\/\" target=\"_blank\" rel=\"noreferrer noopener\"><strong>Aufnahmeantrag<\/strong><\/a>&nbsp;des Kolpingwerks Deutschland sowie das Formular zur Erteilung eines <a href=\"http:\/\/kf.kolping-burgkirchen.de\/wp-content\/uploads\/2019\/11\/SEPA_Musterformblatt.pdf\"><strong>SEPA-Lastschriftenmandats<\/strong><\/a>&nbsp;herunter und schicken Sie&nbsp;beide ausgef\u00fcllten und&nbsp;unterschiebene Formulare&nbsp;per Mail an:<br><a href=\"mailto:Kolping@pius-burgkirchen.de\">Kolping@pius-burgkirchen.de<\/a><br><br>Und falls Sie noch unschl\u00fcssig sind, ob das wirklich das richtige ist f\u00fcr Sie ist, bieten wir auch eine <strong><a aria-label=\"kostenlose Probemitgliedschaft (\u00f6ffnet in neuem Tab)\" href=\"http:\/\/kf.kolping-burgkirchen.de\/wp-content\/uploads\/2019\/11\/Antrag_auf_Probemitgliedschaft.pdf\" target=\"_blank\" rel=\"noreferrer noopener\">kostenlose Schnuppermitgliedschaft<\/a><\/strong> von einem Jahr an.<br><br>Die Kolpingsfamilie Burgkirchen gew\u00e4hrt ihren Mitgliedern au\u00dferdem einmal j\u00e4hrlich pro Familie f\u00fcr die Teilnahme an einer Familienbildungsma\u00dfnahme (Familienwochenende, Vater-Kind-Wochenende, Mutter-Kind-Woche, o.\u00e4.) einen Zuschuss von 40\u20ac. <br><a aria-label=\"Den Antrag hierzu finden sie hier! (\u00f6ffnet in neuem Tab)\" href=\"http:\/\/kf.kolping-burgkirchen.de\/wp-content\/uploads\/2019\/11\/Zuschussantrag_Familien.pdf\" target=\"_blank\" rel=\"noreferrer noopener\"><strong>Den Antrag hierzu finden Sie hier!<\/strong><\/a><\/p>\n<\/div><figure class=\"wp-block-media-text__media\"><img loading=\"lazy\" decoding=\"async\" width=\"800\" height=\"517\" src=\"http:\/\/kf.kolping-burgkirchen.de\/wp-content\/uploads\/2019\/11\/Kolping-nagelt.jpg\" alt=\"\" class=\"wp-image-471 size-full\" srcset=\"http:\/\/kf.kolping-burgkirchen.de\/wp-content\/uploads\/2019\/11\/Kolping-nagelt.jpg 800w, http:\/\/kf.kolping-burgkirchen.de\/wp-content\/uploads\/2019\/11\/Kolping-nagelt-300x194.jpg 300w, http:\/\/kf.kolping-burgkirchen.de\/wp-content\/uploads\/2019\/11\/Kolping-nagelt-768x496.jpg 768w, http:\/\/kf.kolping-burgkirchen.de\/wp-content\/uploads\/2019\/11\/Kolping-nagelt-418x270.jpg 418w\" sizes=\"auto, (max-width: 800px) 100vw, 800px\" \/><\/figure><\/div>\n\n\n\n<p class=\"has-luminous-vivid-orange-background-color has-background has-normal-font-size\"><em><strong>Das kostet einen Mitgliedschaft bei der Kolpingfamilie Burgkirchen:<\/strong><\/em><br><br>Einzel bis 17 Jahre in nicht h\u00e4usl. Gemeinschaft:\u00a0   14 Euro<br>Einzel 18 &#8211; 26 Jahre:\u00a0 20 Euro<br>Einzel ab 27 Jahre:   37 Euro<br>Ehepaare\u00a0und Lebensgem. im Haushalt:\u00a0 55 Euro<br>Familien mit Kindern bis einschlie\u00dflich 17 Jahre:\u00a0\u00a0\u00a0 55 Euro<br><\/p>\n\n\n\n<p>Weitere Infos zur Mitgliedschaft bei der Kolpingsfamilie Burgkirchen erhalten Sie unter: <br>08679\/915722<br>84508 Burgkirchen<br><a href=\"mailto:info@kolping-burgkirchen.de\" target=\"_blank\" rel=\"noreferrer noopener\">info@kolping-burgkirchen.de<\/a><\/p>\n","protected":false},"excerpt":{"rendered":"<p>Sie sind verheiratet und haben Kinder und suchen gleichgesinnte? Sie sind Alleinstehend und wollen regelm\u00e4\u00dfigen Kontakt? Sie sind ein Ehepaar und wollen mit anderen Paaren etwas erleben? Dann sind Sie bei den Kolpingfamilien genau richtig. Der Di\u00f6zesanverband Passau und die Kolpingfamilie Burgkirchen bieten hierf\u00fcr ein sehr abwechslungsreiches und interessantes Programm an.Laden&nbsp;Sie einfach den passenden Aufnahmeantrag&nbsp;des Kolpingwerks Deutschland sowie das Formular zur Erteilung eines SEPA-Lastschriftenmandats&nbsp;herunter und schicken Sie&nbsp;beide ausgef\u00fcllten und&nbsp;unterschiebene Formulare&nbsp;per Mail an:Kolping@pius-burgkirchen.de Und falls Sie noch unschl\u00fcssig sind, ob das&#8230;<\/p>\n<p class=\"read-more\"><a class=\"btn btn-default\" href=\"http:\/\/kf.kolping-burgkirchen.de\/?page_id=440\">Weiterlesen<span class=\"screen-reader-text\"> Weiterlesen<\/span><\/a><\/p>\n","protected":false},"author":1,"featured_media":0,"parent":0,"menu_order":0,"comment_status":"closed","ping_status":"closed","template":"","meta":{"footnotes":""},"class_list":["post-440","page","type-page","status-publish","hentry"],"_links":{"self":[{"href":"http:\/\/kf.kolping-burgkirchen.de\/index.php?rest_route=\/wp\/v2\/pages\/440","targetHints":{"allow":["GET"]}}],"collection":[{"href":"http:\/\/kf.kolping-burgkirchen.de\/index.php?rest_route=\/wp\/v2\/pages"}],"about":[{"href":"http:\/\/kf.kolping-burgkirchen.de\/index.php?rest_route=\/wp\/v2\/types\/page"}],"author":[{"embeddable":true,"href":"http:\/\/kf.kolping-burgkirchen.de\/index.php?rest_route=\/wp\/v2\/users\/1"}],"replies":[{"embeddable":true,"href":"http:\/\/kf.kolping-burgkirchen.de\/index.php?rest_route=%2Fwp%2Fv2%2Fcomments&post=440"}],"version-history":[{"count":23,"href":"http:\/\/kf.kolping-burgkirchen.de\/index.php?rest_route=\/wp\/v2\/pages\/440\/revisions"}],"predecessor-version":[{"id":866,"href":"http:\/\/kf.kolping-burgkirchen.de\/index.php?rest_route=\/wp\/v2\/pages\/440\/revisions\/866"}],"wp:attachment":[{"href":"http:\/\/kf.kolping-burgkirchen.de\/index.php?rest_route=%2Fwp%2Fv2%2Fmedia&parent=440"}],"curies":[{"name":"wp","href":"https:\/\/api.w.org\/{rel}","templated":true}]}}