{"id":124,"date":"2017-12-10T13:55:08","date_gmt":"2017-12-10T12:55:08","guid":{"rendered":"http:\/\/kf.kolping-burgkirchen.de\/?page_id=124"},"modified":"2025-12-24T12:24:38","modified_gmt":"2025-12-24T11:24:38","slug":"124-2","status":"publish","type":"page","link":"http:\/\/kf.kolping-burgkirchen.de\/?page_id=124","title":{"rendered":"Leitbild"},"content":{"rendered":"\n<p>Das Kolpingwerk Di\u00f6zesanverband Passau ist eingebunden in das Kolpingwerk Deutschland.<\/p>\n\n\n\n<p>Als christlicher Sozialverband wollen wir die Herausforderungen von Gegenwart und Zukunft selbstbewusst annehmen. Das Leitbild ist f\u00fcr alle Mitglieder, Leitungskr\u00e4fte, Mitarbeiterinnen und Mitarbeiter sowie f\u00fcr alle Gliederungen des Verbandes verbindliche Grundlage und Orientierung f\u00fcr ihr Handeln.<\/p>\n\n\n\n<p>Kolpingsfamilien gewinnen ihr eigenes Profil durch bewusste Schwerpunktsetzung in den Handlungsfeldern, die in diesem Leitbild beschrieben sind. F\u00fcr alle Einrichtungen des Verbands und ihre Mitarbeiterinnen und Mitarbeiter ist das Leitbild der Orientierungsrahmen in der Erf\u00fcllung ihrer Aufgaben.<\/p>\n\n\n\n<figure class=\"wp-block-image size-full\"><img loading=\"lazy\" decoding=\"async\" width=\"746\" height=\"456\" src=\"http:\/\/kf.kolping-burgkirchen.de\/wp-content\/uploads\/2025\/12\/image.png\" alt=\"\" class=\"wp-image-872\" srcset=\"http:\/\/kf.kolping-burgkirchen.de\/wp-content\/uploads\/2025\/12\/image.png 746w, http:\/\/kf.kolping-burgkirchen.de\/wp-content\/uploads\/2025\/12\/image-300x183.png 300w, http:\/\/kf.kolping-burgkirchen.de\/wp-content\/uploads\/2025\/12\/image-442x270.png 442w\" sizes=\"auto, (max-width: 746px) 100vw, 746px\" \/><\/figure>\n\n\n\n<div data-wp-interactive=\"core\/file\" class=\"wp-block-file\"><object data-wp-bind--hidden=\"!state.hasPdfPreview\" hidden class=\"wp-block-file__embed\" data=\"http:\/\/kf.kolping-burgkirchen.de\/wp-content\/uploads\/2025\/12\/Broschuere_Leitbild_Zusammen_sind_wir_Kolping.pdf\" type=\"application\/pdf\" style=\"width:100%;height:600px\" aria-label=\"Einbettung von Broschuere_Leitbild_Zusammen_sind_wir_Kolping.\"><\/object><a id=\"wp-block-file--media-0ea2969a-21b8-45dc-a862-f83cb1088900\" href=\"http:\/\/kf.kolping-burgkirchen.de\/wp-content\/uploads\/2025\/12\/Broschuere_Leitbild_Zusammen_sind_wir_Kolping.pdf\">Broschuere_Leitbild_Zusammen_sind_wir_Kolping<\/a><a href=\"http:\/\/kf.kolping-burgkirchen.de\/wp-content\/uploads\/2025\/12\/Broschuere_Leitbild_Zusammen_sind_wir_Kolping.pdf\" class=\"wp-block-file__button wp-element-button\" download aria-describedby=\"wp-block-file--media-0ea2969a-21b8-45dc-a862-f83cb1088900\">Herunterladen<\/a><\/div>\n","protected":false},"excerpt":{"rendered":"<p>Das Kolpingwerk Di\u00f6zesanverband Passau ist eingebunden in das Kolpingwerk Deutschland. Als christlicher Sozialverband wollen wir die Herausforderungen von Gegenwart und Zukunft selbstbewusst annehmen. Das Leitbild ist f\u00fcr alle Mitglieder, Leitungskr\u00e4fte, Mitarbeiterinnen und Mitarbeiter sowie f\u00fcr alle Gliederungen des Verbandes verbindliche Grundlage und Orientierung f\u00fcr ihr Handeln. Kolpingsfamilien gewinnen ihr eigenes Profil durch bewusste Schwerpunktsetzung in den Handlungsfeldern, die in diesem Leitbild beschrieben sind. F\u00fcr alle Einrichtungen des Verbands und ihre Mitarbeiterinnen und Mitarbeiter ist das Leitbild der Orientierungsrahmen in der&#8230;<\/p>\n<p class=\"read-more\"><a class=\"btn btn-default\" href=\"http:\/\/kf.kolping-burgkirchen.de\/?page_id=124\">Weiterlesen<span class=\"screen-reader-text\"> Weiterlesen<\/span><\/a><\/p>\n","protected":false},"author":1,"featured_media":0,"parent":0,"menu_order":0,"comment_status":"closed","ping_status":"closed","template":"","meta":{"footnotes":""},"class_list":["post-124","page","type-page","status-publish","hentry"],"_links":{"self":[{"href":"http:\/\/kf.kolping-burgkirchen.de\/index.php?rest_route=\/wp\/v2\/pages\/124","targetHints":{"allow":["GET"]}}],"collection":[{"href":"http:\/\/kf.kolping-burgkirchen.de\/index.php?rest_route=\/wp\/v2\/pages"}],"about":[{"href":"http:\/\/kf.kolping-burgkirchen.de\/index.php?rest_route=\/wp\/v2\/types\/page"}],"author":[{"embeddable":true,"href":"http:\/\/kf.kolping-burgkirchen.de\/index.php?rest_route=\/wp\/v2\/users\/1"}],"replies":[{"embeddable":true,"href":"http:\/\/kf.kolping-burgkirchen.de\/index.php?rest_route=%2Fwp%2Fv2%2Fcomments&post=124"}],"version-history":[{"count":10,"href":"http:\/\/kf.kolping-burgkirchen.de\/index.php?rest_route=\/wp\/v2\/pages\/124\/revisions"}],"predecessor-version":[{"id":874,"href":"http:\/\/kf.kolping-burgkirchen.de\/index.php?rest_route=\/wp\/v2\/pages\/124\/revisions\/874"}],"wp:attachment":[{"href":"http:\/\/kf.kolping-burgkirchen.de\/index.php?rest_route=%2Fwp%2Fv2%2Fmedia&parent=124"}],"curies":[{"name":"wp","href":"https:\/\/api.w.org\/{rel}","templated":true}]}}